{"id":5853,"date":"2023-03-14T11:53:06","date_gmt":"2023-03-14T10:53:06","guid":{"rendered":"https:\/\/www.camping-martinet.fr\/blog-news-from-aude\/"},"modified":"2023-06-05T10:14:55","modified_gmt":"2023-06-05T08:14:55","slug":"blog-news-from-aude","status":"publish","type":"page","link":"https:\/\/www.camping-martinet.fr\/en\/blog-news-from-aude\/","title":{"rendered":"Blog &#8211; News from Aude"},"content":{"rendered":"\n<h1 class=\"wp-block-heading\">Le Martinet Rouge campsite blog<\/h1>\n\n<h2 class=\"wp-block-heading\">Discover our latest news in Aude<\/h2>\n\n<p>The <a href=\"\/\">Martinet Rouge<\/a> campsite blog offers you the latest news to discover <a href=\"\/en\/?page_id=5966\" target=\"_blank\" rel=\"noreferrer noopener\">the best of Aude<\/a><\/p>\n<div class=\"multiple-post\"><img loading=\"lazy\" decoding=\"async\" width=\"380\" height=\"285\" src=\"https:\/\/www.camping-martinet.fr\/wp-content\/uploads\/2024\/12\/Chalet-premium-aude-11.jpeg\" class=\"multiple-post-thumbnail wp-post-image\" alt=\"location de chalet Premium avec 2 chambres en camping dans l&#039;Aude\" srcset=\"https:\/\/www.camping-martinet.fr\/wp-content\/uploads\/2024\/12\/Chalet-premium-aude-11.jpeg 380w, https:\/\/www.camping-martinet.fr\/wp-content\/uploads\/2024\/12\/Chalet-premium-aude-11-300x225.jpeg 300w\" sizes=\"auto, (max-width: 380px) 100vw, 380px\" \/><div class=\"multiple-post-content\">\n\t\t\t\t\t<div class=\"multiple-post-title\">New: Mobile home rental Carcassonne with air conditioning<\/div>\n\t\t\t\t\t<div class=\"multiple-post-excerpt\"><p>Your mobile home rental in Carcassonne with air conditioning: Camping Le Martinet Rouge goes cool! Are you looking for an air-conditioned mobile home rental in Carcassonne to enjoy the Aude sunshine without the heat? Great news: at Camping Le Martinet Rougeall accommodations &#8211; mobile homes, chalets and bungalows &#8211; are now equipped with modern, economical [&hellip;]<\/p>\n<\/div>\n\t\t\t\t\t<a class=\"multiple-post-link btn btn-primary\" href=\"https:\/\/www.camping-martinet.fr\/en\/mobile-home-rental-carcassonne-with-air-conditioning-new-air-conditioned-accommodation-at-camping-le-martinet-rouge\/\">\n\t\t\t\t\t\tSee more\t\t\t\t\t<\/a>\n\t\t\t\t<\/div>\n\t\t\t<\/div><div class=\"multiple-post\"><img loading=\"lazy\" decoding=\"async\" width=\"1023\" height=\"685\" src=\"https:\/\/www.camping-martinet.fr\/wp-content\/uploads\/2020\/01\/festival-de-Carcassonne.jpg\" class=\"multiple-post-thumbnail wp-post-image\" alt=\"\" srcset=\"https:\/\/www.camping-martinet.fr\/wp-content\/uploads\/2020\/01\/festival-de-Carcassonne.jpg 1023w, https:\/\/www.camping-martinet.fr\/wp-content\/uploads\/2020\/01\/festival-de-Carcassonne-300x201.jpg 300w, https:\/\/www.camping-martinet.fr\/wp-content\/uploads\/2020\/01\/festival-de-Carcassonne-768x514.jpg 768w\" sizes=\"auto, (max-width: 1023px) 100vw, 1023px\" \/><div class=\"multiple-post-content\">\n\t\t\t\t\t<div class=\"multiple-post-title\">Carcassonne Festival<\/div>\n\t\t\t\t\t<div class=\"multiple-post-excerpt\"><p>Occitanie&#8217;s biggest festival. ALL PROGRAMMING IN REAL TIME HERE The Carcassonne festival is now ranked among the top 10 festivals in France. With 200,000 visitors a year from the 4 corners of France and abroad. A festival in the Aude department, during the month of July, set in the medieval city of Carcassonne with its [&hellip;]<\/p>\n<\/div>\n\t\t\t\t\t<a class=\"multiple-post-link btn btn-primary\" href=\"https:\/\/www.camping-martinet.fr\/en\/carcassonne-festival\/\">\n\t\t\t\t\t\tSee more\t\t\t\t\t<\/a>\n\t\t\t\t<\/div>\n\t\t\t<\/div><div class=\"multiple-post\"><img loading=\"lazy\" decoding=\"async\" width=\"700\" height=\"314\" src=\"https:\/\/www.camping-martinet.fr\/wp-content\/uploads\/2023\/02\/top10-visites-autour-carcassonne.jpg\" class=\"multiple-post-thumbnail wp-post-image\" alt=\"\" srcset=\"https:\/\/www.camping-martinet.fr\/wp-content\/uploads\/2023\/02\/top10-visites-autour-carcassonne.jpg 700w, https:\/\/www.camping-martinet.fr\/wp-content\/uploads\/2023\/02\/top10-visites-autour-carcassonne-300x135.jpg 300w\" sizes=\"auto, (max-width: 700px) 100vw, 700px\" \/><div class=\"multiple-post-content\">\n\t\t\t\t\t<div class=\"multiple-post-title\">the-10-must-see-tourist-sites-around-carcassonne<\/div>\n\t\t\t\t\t<div class=\"multiple-post-excerpt\"><p>Top 10 things to do around Carcassonne 1. The medieval city of Carcassonne, 18km from the campsite It&#8217;s impossible to stay in the Aude without visiting Carcassonne, a medieval village listed as a UNESCO World Heritage Site. The Cit\u00e9 boasts 52 towers and two concentric enclosures totalling 3km of ramparts! A large part of the [&hellip;]<\/p>\n<\/div>\n\t\t\t\t\t<a class=\"multiple-post-link btn btn-primary\" href=\"https:\/\/www.camping-martinet.fr\/en\/the-10-must-see-tourist-sites-around-carcassonne\/\">\n\t\t\t\t\t\tSee more\t\t\t\t\t<\/a>\n\t\t\t\t<\/div>\n\t\t\t<\/div><div class=\"multiple-post\"><img loading=\"lazy\" decoding=\"async\" width=\"1024\" height=\"767\" src=\"https:\/\/www.camping-martinet.fr\/wp-content\/uploads\/2023\/01\/location-emplacement-aude-premium-1-1024x767-1.jpg\" class=\"multiple-post-thumbnail wp-post-image\" alt=\"\" srcset=\"https:\/\/www.camping-martinet.fr\/wp-content\/uploads\/2023\/01\/location-emplacement-aude-premium-1-1024x767-1.jpg 1024w, https:\/\/www.camping-martinet.fr\/wp-content\/uploads\/2023\/01\/location-emplacement-aude-premium-1-1024x767-1-300x225.jpg 300w, https:\/\/www.camping-martinet.fr\/wp-content\/uploads\/2023\/01\/location-emplacement-aude-premium-1-1024x767-1-768x575.jpg 768w\" sizes=\"auto, (max-width: 1024px) 100vw, 1024px\" \/><div class=\"multiple-post-content\">\n\t\t\t\t\t<div class=\"multiple-post-title\">New: Freecamp Premium pitches<\/div>\n\t\t\t\t\t<div class=\"multiple-post-excerpt\"><p>Premium Freecamp pitches in Aude Pitches with all comforts: private kitchen and sanitary facilities! Your campsite offers a new range of pitches. Premium pitches for tents, caravans or motorhomes with private sanitary facilities and kitchenette, just for you! For even greater comfort, enjoy your own private sanitary facilities. The sanitary area includes 1WC, 1 washbasin [&hellip;]<\/p>\n<\/div>\n\t\t\t\t\t<a class=\"multiple-post-link btn btn-primary\" href=\"https:\/\/www.camping-martinet.fr\/en\/new-freecamp-premium-pitches\/\">\n\t\t\t\t\t\tSee more\t\t\t\t\t<\/a>\n\t\t\t\t<\/div>\n\t\t\t<\/div><div class=\"multiple-post\"><img loading=\"lazy\" decoding=\"async\" width=\"1024\" height=\"576\" src=\"https:\/\/www.camping-martinet.fr\/wp-content\/uploads\/2021\/06\/MARTINET-Festival-off-carcassonne-1024x576.jpeg\" class=\"multiple-post-thumbnail wp-post-image\" alt=\"\" srcset=\"https:\/\/www.camping-martinet.fr\/wp-content\/uploads\/2021\/06\/MARTINET-Festival-off-carcassonne-1024x576.jpeg 1024w, https:\/\/www.camping-martinet.fr\/wp-content\/uploads\/2021\/06\/MARTINET-Festival-off-carcassonne-300x169.jpeg 300w, https:\/\/www.camping-martinet.fr\/wp-content\/uploads\/2021\/06\/MARTINET-Festival-off-carcassonne-768x432.jpeg 768w, https:\/\/www.camping-martinet.fr\/wp-content\/uploads\/2021\/06\/MARTINET-Festival-off-carcassonne-1536x864.jpeg 1536w, https:\/\/www.camping-martinet.fr\/wp-content\/uploads\/2021\/06\/MARTINET-Festival-off-carcassonne-1920x1080.jpeg 1920w, https:\/\/www.camping-martinet.fr\/wp-content\/uploads\/2021\/06\/MARTINET-Festival-off-carcassonne.jpeg 2048w\" sizes=\"auto, (max-width: 1024px) 100vw, 1024px\" \/><div class=\"multiple-post-content\">\n\t\t\t\t\t<div class=\"multiple-post-title\">Events and festivals this summer in Aude<\/div>\n\t\t\t\t\t<div class=\"multiple-post-excerpt\"><p>THE BLACK MOUNTAIN SUMMER CULTURAL AGENDA This summer, the Aude department offers a wide range of outings, unusual places, concerts and free shows. Take advantage of this opportunity to book your rental or pitch at the campsite. Download the summer program at the bottom of this article! CARCASSONNE ALL JULY : Carcassonne OFF Festival In [&hellip;]<\/p>\n<\/div>\n\t\t\t\t\t<a class=\"multiple-post-link btn btn-primary\" href=\"https:\/\/www.camping-martinet.fr\/en\/events-and-festivals-this-summer-in-aude\/\">\n\t\t\t\t\t\tSee more\t\t\t\t\t<\/a>\n\t\t\t\t<\/div>\n\t\t\t<\/div><div class=\"multiple-post\"><img loading=\"lazy\" decoding=\"async\" width=\"1000\" height=\"750\" src=\"https:\/\/www.camping-martinet.fr\/wp-content\/uploads\/2020\/11\/location-carcassonne-insolite-1.jpg\" class=\"multiple-post-thumbnail wp-post-image\" alt=\"\" srcset=\"https:\/\/www.camping-martinet.fr\/wp-content\/uploads\/2020\/11\/location-carcassonne-insolite-1.jpg 1000w, https:\/\/www.camping-martinet.fr\/wp-content\/uploads\/2020\/11\/location-carcassonne-insolite-1-300x225.jpg 300w, https:\/\/www.camping-martinet.fr\/wp-content\/uploads\/2020\/11\/location-carcassonne-insolite-1-768x576.jpg 768w\" sizes=\"auto, (max-width: 1000px) 100vw, 1000px\" \/><div class=\"multiple-post-content\">\n\t\t\t\t\t<div class=\"multiple-post-title\">Your unusual vacation near Carcassonne<\/div>\n\t\t\t\t\t<div class=\"multiple-post-excerpt\"><p>Book unusual accommodation near Carcassonne! For your next vacation in the Aude, opt for unusual accommodation. Fully equipped tent cabins For those who prefer a unique experience close to nature, we couldn&#8217;t ignore the campsite&#8217;s &#8220;wilder&#8221; area! New &#8220;tent-cabins&#8221;, called bivouacs, will be set up high up between rocks and trees. You&#8217;ll sleep high up, [&hellip;]<\/p>\n<\/div>\n\t\t\t\t\t<a class=\"multiple-post-link btn btn-primary\" href=\"https:\/\/www.camping-martinet.fr\/en\/your-unusual-vacation-near-carcassonne\/\">\n\t\t\t\t\t\tSee more\t\t\t\t\t<\/a>\n\t\t\t\t<\/div>\n\t\t\t<\/div><div class=\"multiple-post\"><img loading=\"lazy\" decoding=\"async\" width=\"800\" height=\"600\" src=\"https:\/\/www.camping-martinet.fr\/wp-content\/uploads\/2020\/01\/randonnee-aude.jpg\" class=\"multiple-post-thumbnail wp-post-image\" alt=\"\" srcset=\"https:\/\/www.camping-martinet.fr\/wp-content\/uploads\/2020\/01\/randonnee-aude.jpg 800w, https:\/\/www.camping-martinet.fr\/wp-content\/uploads\/2020\/01\/randonnee-aude-300x225.jpg 300w, https:\/\/www.camping-martinet.fr\/wp-content\/uploads\/2020\/01\/randonnee-aude-768x576.jpg 768w\" sizes=\"auto, (max-width: 800px) 100vw, 800px\" \/><div class=\"multiple-post-content\">\n\t\t\t\t\t<div class=\"multiple-post-title\">4 hikes around Carcassonne at Brousses-et-Villaret<\/div>\n\t\t\t\t\t<div class=\"multiple-post-excerpt\"><p>4 hikes around Carcassonne at Brousses-et-Villaret Le Martinet Rouge campsite is ideally located for hiking in the surrounding woods and garrigue in the Aude department. They are accessible to all, with varying degrees of difficulty depending on the distance, but all allow you to enjoy the wonderful landscapes of the region around Carcassonne. Click on [&hellip;]<\/p>\n<\/div>\n\t\t\t\t\t<a class=\"multiple-post-link btn btn-primary\" href=\"https:\/\/www.camping-martinet.fr\/en\/4-hikes-around-carcassonne-at-brousses-et-villaret\/\">\n\t\t\t\t\t\tSee more\t\t\t\t\t<\/a>\n\t\t\t\t<\/div>\n\t\t\t<\/div><div class=\"multiple-post\"><img loading=\"lazy\" decoding=\"async\" width=\"424\" height=\"283\" src=\"https:\/\/www.camping-martinet.fr\/wp-content\/uploads\/2020\/01\/week-end-carcassonne-aude.jpg\" class=\"multiple-post-thumbnail wp-post-image\" alt=\"\" srcset=\"https:\/\/www.camping-martinet.fr\/wp-content\/uploads\/2020\/01\/week-end-carcassonne-aude.jpg 424w, https:\/\/www.camping-martinet.fr\/wp-content\/uploads\/2020\/01\/week-end-carcassonne-aude-300x200.jpg 300w\" sizes=\"auto, (max-width: 424px) 100vw, 424px\" \/><div class=\"multiple-post-content\">\n\t\t\t\t\t<div class=\"multiple-post-title\">A weekend in Carcassonne<\/div>\n\t\t\t\t\t<div class=\"multiple-post-excerpt\"><p>Groups, families, take advantage of public holidays and extended weekends for your short stay at Camping Le Martinet Rouge near Carcassonne. Weekends in 2021 Easter in April, Ascension Day and Pentecost in May are all good opportunities to get away for a few days in Carcassonne, Aude. Less than 1 hour from Toulouse and the [&hellip;]<\/p>\n<\/div>\n\t\t\t\t\t<a class=\"multiple-post-link btn btn-primary\" href=\"https:\/\/www.camping-martinet.fr\/en\/a-weekend-in-carcassonne\/\">\n\t\t\t\t\t\tSee more\t\t\t\t\t<\/a>\n\t\t\t\t<\/div>\n\t\t\t<\/div><div class=\"multiple-post\"><img loading=\"lazy\" decoding=\"async\" width=\"1024\" height=\"651\" src=\"https:\/\/www.camping-martinet.fr\/wp-content\/uploads\/2019\/04\/cassoulet.camping-martinet-rougeJPG-1024x651.jpg\" class=\"multiple-post-thumbnail wp-post-image\" alt=\"\" srcset=\"https:\/\/www.camping-martinet.fr\/wp-content\/uploads\/2019\/04\/cassoulet.camping-martinet-rougeJPG-1024x651.jpg 1024w, https:\/\/www.camping-martinet.fr\/wp-content\/uploads\/2019\/04\/cassoulet.camping-martinet-rougeJPG-300x191.jpg 300w, https:\/\/www.camping-martinet.fr\/wp-content\/uploads\/2019\/04\/cassoulet.camping-martinet-rougeJPG-768x488.jpg 768w, https:\/\/www.camping-martinet.fr\/wp-content\/uploads\/2019\/04\/cassoulet.camping-martinet-rougeJPG-1536x977.jpg 1536w, https:\/\/www.camping-martinet.fr\/wp-content\/uploads\/2019\/04\/cassoulet.camping-martinet-rougeJPG.jpg 1764w\" sizes=\"auto, (max-width: 1024px) 100vw, 1024px\" \/><div class=\"multiple-post-content\">\n\t\t\t\t\t<div class=\"multiple-post-title\">Cassoulet recipe<\/div>\n\t\t\t\t\t<div class=\"multiple-post-excerpt\"><p>Cassoulet de Castelnaudary Cassoulet is not just a recipe whose origins are disputed, it&#8217;s also part of the heritage of the Cathar region of southwestern France. Photo credits: BrokenSphere [CC BY-SA 3.0 (https:\/\/creativecommons.org\/licenses\/by-sa\/3.0)] In response to the many questions you&#8217;ve asked us when visiting your campsite near Carcassonne and Castelnaudary, we&#8217;ve decided to devote an [&hellip;]<\/p>\n<\/div>\n\t\t\t\t\t<a class=\"multiple-post-link btn btn-primary\" href=\"https:\/\/www.camping-martinet.fr\/en\/cassoulet-recipe\/\">\n\t\t\t\t\t\tSee more\t\t\t\t\t<\/a>\n\t\t\t\t<\/div>\n\t\t\t<\/div><div class=\"multiple-post\"><img loading=\"lazy\" decoding=\"async\" width=\"1000\" height=\"750\" src=\"https:\/\/www.camping-martinet.fr\/wp-content\/uploads\/2018\/01\/bungalow-location-carcassone.jpg\" class=\"multiple-post-thumbnail wp-post-image\" alt=\"\" srcset=\"https:\/\/www.camping-martinet.fr\/wp-content\/uploads\/2018\/01\/bungalow-location-carcassone.jpg 1000w, https:\/\/www.camping-martinet.fr\/wp-content\/uploads\/2018\/01\/bungalow-location-carcassone-300x225.jpg 300w, https:\/\/www.camping-martinet.fr\/wp-content\/uploads\/2018\/01\/bungalow-location-carcassone-768x576.jpg 768w\" sizes=\"auto, (max-width: 1000px) 100vw, 1000px\" \/><div class=\"multiple-post-content\">\n\t\t\t\t\t<div class=\"multiple-post-title\">New SAFARI LODGE accommodation<\/div>\n\t\t\t\t\t<div class=\"multiple-post-excerpt\"><p>The SAFARI LODGE can be rented by the night even in high season. SAFARI LODGE rental in Carcassonne at the Martinet Rouge campsite If you like camping and its conviviality without the bulky equipment of the camper, let yourself be seduced by our NEW LODGE SAFARI in the Aude! Glamping near Carcassonne means getting back [&hellip;]<\/p>\n<\/div>\n\t\t\t\t\t<a class=\"multiple-post-link btn btn-primary\" href=\"https:\/\/www.camping-martinet.fr\/en\/new-safari-lodge-accommodation\/\">\n\t\t\t\t\t\tSee more\t\t\t\t\t<\/a>\n\t\t\t\t<\/div>\n\t\t\t<\/div><div class=\"multiple-post\"><img loading=\"lazy\" decoding=\"async\" width=\"1024\" height=\"585\" src=\"https:\/\/www.camping-martinet.fr\/wp-content\/uploads\/2017\/03\/sports-mecaniques-aude-1024x585.jpg\" class=\"multiple-post-thumbnail wp-post-image\" alt=\"\" srcset=\"https:\/\/www.camping-martinet.fr\/wp-content\/uploads\/2017\/03\/sports-mecaniques-aude-1024x585.jpg 1024w, https:\/\/www.camping-martinet.fr\/wp-content\/uploads\/2017\/03\/sports-mecaniques-aude-300x171.jpg 300w, https:\/\/www.camping-martinet.fr\/wp-content\/uploads\/2017\/03\/sports-mecaniques-aude-768x439.jpg 768w, https:\/\/www.camping-martinet.fr\/wp-content\/uploads\/2017\/03\/sports-mecaniques-aude.jpg 1534w\" sizes=\"auto, (max-width: 1024px) 100vw, 1024px\" \/><div class=\"multiple-post-content\">\n\t\t\t\t\t<div class=\"multiple-post-title\">Rallies and motor sports in Aude<\/div>\n\t\t\t\t\t<div class=\"multiple-post-excerpt\"><p>Motor sports events in Aude Endu&#8217;rando moto on April 8 and 9, 2017 This year the 10th edition of the Endu&#8217;Rando du Cabard\u00e8s in Aude will take place on April 8 and 9, 2017. Camping Le Martinet Rouge***, located 5km from Cuxac Cabard\u00e8s and Fontiers Cabard\u00e8s, offers accommodation ( Mobiles Homes, Bungalows, chalets) to attend [&hellip;]<\/p>\n<\/div>\n\t\t\t\t\t<a class=\"multiple-post-link btn btn-primary\" href=\"https:\/\/www.camping-martinet.fr\/en\/rallies-and-motor-sports-in-aude\/\">\n\t\t\t\t\t\tSee more\t\t\t\t\t<\/a>\n\t\t\t\t<\/div>\n\t\t\t<\/div>\n\n<p><a href=\"\/en\/?page_id=5854\" target=\"_blank\" rel=\"noreferrer noopener\">Book your rental in Aude here<\/a><\/p>\n\n<p>Book your <a href=\"https:\/\/www.camping-martinet.fr\/en\/locations\/\" target=\"_blank\" rel=\"noreferrer noopener\">pitch for tent, caravan or motorhome in the Aude<\/a>.<\/p>\n","protected":false},"excerpt":{"rendered":"<p>Le Martinet Rouge campsite blog Discover our latest news in Aude The Martinet Rouge campsite blog offers you the latest news to discover the best of Aude Book your rental in Aude here Book your pitch for tent, caravan or motorhome in the Aude.<\/p>\n","protected":false},"author":2,"featured_media":0,"parent":0,"menu_order":0,"comment_status":"closed","ping_status":"closed","template":"","meta":{"footnotes":""},"class_list":["post-5853","page","type-page","status-publish","hentry"],"yoast_head":"<!-- This site is optimized with the Yoast SEO plugin v27.4 - https:\/\/yoast.com\/product\/yoast-seo-wordpress\/ -->\n<title>Blog - News from Aude<\/title>\n<meta name=\"description\" content=\"discover the blog and all the news around Carcassonne concerning camping le Martinet Rouge. Pitches and g\u00eetes for rent.\" \/>\n<meta name=\"robots\" content=\"index, follow, max-snippet:-1, max-image-preview:large, max-video-preview:-1\" \/>\n<link rel=\"canonical\" href=\"https:\/\/www.camping-martinet.fr\/en\/blog-news-from-aude\/\" \/>\n<meta property=\"og:locale\" content=\"en_US\" \/>\n<meta property=\"og:type\" content=\"article\" \/>\n<meta property=\"og:title\" content=\"Blog - News from Aude\" \/>\n<meta property=\"og:description\" content=\"discover the blog and all the news around Carcassonne concerning camping le Martinet Rouge. Pitches and g\u00eetes for rent.\" \/>\n<meta property=\"og:url\" content=\"https:\/\/www.camping-martinet.fr\/en\/blog-news-from-aude\/\" \/>\n<meta property=\"og:site_name\" content=\"Camping le Martinet Rouge\" \/>\n<meta property=\"article:publisher\" content=\"https:\/\/www.facebook.com\/camping.le.martinet.rouge\/\" \/>\n<meta property=\"article:modified_time\" content=\"2023-06-05T08:14:55+00:00\" \/>\n<meta property=\"og:image\" content=\"https:\/\/www.camping-martinet.fr\/wp-content\/uploads\/2023\/02\/camping-aude-piscine-11-1.jpg\" \/>\n\t<meta property=\"og:image:width\" content=\"1400\" \/>\n\t<meta property=\"og:image:height\" content=\"933\" \/>\n\t<meta property=\"og:image:type\" content=\"image\/jpeg\" \/>\n<meta name=\"twitter:card\" content=\"summary_large_image\" \/>\n<script type=\"application\/ld+json\" class=\"yoast-schema-graph\">{\"@context\":\"https:\\\/\\\/schema.org\",\"@graph\":[{\"@type\":\"WebPage\",\"@id\":\"https:\\\/\\\/www.camping-martinet.fr\\\/en\\\/blog-news-from-aude\\\/\",\"url\":\"https:\\\/\\\/www.camping-martinet.fr\\\/en\\\/blog-news-from-aude\\\/\",\"name\":\"Blog - News from Aude\",\"isPartOf\":{\"@id\":\"https:\\\/\\\/www.camping-martinet.fr\\\/en\\\/#website\"},\"datePublished\":\"2023-03-14T10:53:06+00:00\",\"dateModified\":\"2023-06-05T08:14:55+00:00\",\"description\":\"discover the blog and all the news around Carcassonne concerning camping le Martinet Rouge. Pitches and g\u00eetes for rent.\",\"breadcrumb\":{\"@id\":\"https:\\\/\\\/www.camping-martinet.fr\\\/en\\\/blog-news-from-aude\\\/#breadcrumb\"},\"inLanguage\":\"en-US\",\"potentialAction\":[{\"@type\":\"ReadAction\",\"target\":[\"https:\\\/\\\/www.camping-martinet.fr\\\/en\\\/blog-news-from-aude\\\/\"]}]},{\"@type\":\"BreadcrumbList\",\"@id\":\"https:\\\/\\\/www.camping-martinet.fr\\\/en\\\/blog-news-from-aude\\\/#breadcrumb\",\"itemListElement\":[{\"@type\":\"ListItem\",\"position\":1,\"name\":\"Home\",\"item\":\"https:\\\/\\\/www.camping-martinet.fr\\\/en\\\/\"},{\"@type\":\"ListItem\",\"position\":2,\"name\":\"Blog &#8211; News from Aude\"}]},{\"@type\":\"WebSite\",\"@id\":\"https:\\\/\\\/www.camping-martinet.fr\\\/en\\\/#website\",\"url\":\"https:\\\/\\\/www.camping-martinet.fr\\\/en\\\/\",\"name\":\"Camping le Martinet Rouge\",\"description\":\"Camping Carcassonne\",\"publisher\":{\"@id\":\"https:\\\/\\\/www.camping-martinet.fr\\\/en\\\/#organization\"},\"alternateName\":\"Martinet Rouge\",\"potentialAction\":[{\"@type\":\"SearchAction\",\"target\":{\"@type\":\"EntryPoint\",\"urlTemplate\":\"https:\\\/\\\/www.camping-martinet.fr\\\/en\\\/?s={search_term_string}\"},\"query-input\":{\"@type\":\"PropertyValueSpecification\",\"valueRequired\":true,\"valueName\":\"search_term_string\"}}],\"inLanguage\":\"en-US\"},{\"@type\":\"Organization\",\"@id\":\"https:\\\/\\\/www.camping-martinet.fr\\\/en\\\/#organization\",\"name\":\"Camping le Martinet Rouge - Carcassonne\",\"url\":\"https:\\\/\\\/www.camping-martinet.fr\\\/en\\\/\",\"logo\":{\"@type\":\"ImageObject\",\"inLanguage\":\"en-US\",\"@id\":\"https:\\\/\\\/www.camping-martinet.fr\\\/en\\\/#\\\/schema\\\/logo\\\/image\\\/\",\"url\":\"https:\\\/\\\/www.camping-martinet.fr\\\/wp-content\\\/uploads\\\/2023\\\/05\\\/logo-martinet-rouge.webp\",\"contentUrl\":\"https:\\\/\\\/www.camping-martinet.fr\\\/wp-content\\\/uploads\\\/2023\\\/05\\\/logo-martinet-rouge.webp\",\"width\":308,\"height\":133,\"caption\":\"Camping le Martinet Rouge - Carcassonne\"},\"image\":{\"@id\":\"https:\\\/\\\/www.camping-martinet.fr\\\/en\\\/#\\\/schema\\\/logo\\\/image\\\/\"},\"sameAs\":[\"https:\\\/\\\/www.facebook.com\\\/camping.le.martinet.rouge\\\/\"]}]}<\/script>\n<!-- \/ Yoast SEO plugin. -->","yoast_head_json":{"title":"Blog - News from Aude","description":"discover the blog and all the news around Carcassonne concerning camping le Martinet Rouge. Pitches and g\u00eetes for rent.","robots":{"index":"index","follow":"follow","max-snippet":"max-snippet:-1","max-image-preview":"max-image-preview:large","max-video-preview":"max-video-preview:-1"},"canonical":"https:\/\/www.camping-martinet.fr\/en\/blog-news-from-aude\/","og_locale":"en_US","og_type":"article","og_title":"Blog - News from Aude","og_description":"discover the blog and all the news around Carcassonne concerning camping le Martinet Rouge. Pitches and g\u00eetes for rent.","og_url":"https:\/\/www.camping-martinet.fr\/en\/blog-news-from-aude\/","og_site_name":"Camping le Martinet Rouge","article_publisher":"https:\/\/www.facebook.com\/camping.le.martinet.rouge\/","article_modified_time":"2023-06-05T08:14:55+00:00","og_image":[{"width":1400,"height":933,"url":"https:\/\/www.camping-martinet.fr\/wp-content\/uploads\/2023\/02\/camping-aude-piscine-11-1.jpg","type":"image\/jpeg"}],"twitter_card":"summary_large_image","schema":{"@context":"https:\/\/schema.org","@graph":[{"@type":"WebPage","@id":"https:\/\/www.camping-martinet.fr\/en\/blog-news-from-aude\/","url":"https:\/\/www.camping-martinet.fr\/en\/blog-news-from-aude\/","name":"Blog - News from Aude","isPartOf":{"@id":"https:\/\/www.camping-martinet.fr\/en\/#website"},"datePublished":"2023-03-14T10:53:06+00:00","dateModified":"2023-06-05T08:14:55+00:00","description":"discover the blog and all the news around Carcassonne concerning camping le Martinet Rouge. Pitches and g\u00eetes for rent.","breadcrumb":{"@id":"https:\/\/www.camping-martinet.fr\/en\/blog-news-from-aude\/#breadcrumb"},"inLanguage":"en-US","potentialAction":[{"@type":"ReadAction","target":["https:\/\/www.camping-martinet.fr\/en\/blog-news-from-aude\/"]}]},{"@type":"BreadcrumbList","@id":"https:\/\/www.camping-martinet.fr\/en\/blog-news-from-aude\/#breadcrumb","itemListElement":[{"@type":"ListItem","position":1,"name":"Home","item":"https:\/\/www.camping-martinet.fr\/en\/"},{"@type":"ListItem","position":2,"name":"Blog &#8211; News from Aude"}]},{"@type":"WebSite","@id":"https:\/\/www.camping-martinet.fr\/en\/#website","url":"https:\/\/www.camping-martinet.fr\/en\/","name":"Camping le Martinet Rouge","description":"Camping Carcassonne","publisher":{"@id":"https:\/\/www.camping-martinet.fr\/en\/#organization"},"alternateName":"Martinet Rouge","potentialAction":[{"@type":"SearchAction","target":{"@type":"EntryPoint","urlTemplate":"https:\/\/www.camping-martinet.fr\/en\/?s={search_term_string}"},"query-input":{"@type":"PropertyValueSpecification","valueRequired":true,"valueName":"search_term_string"}}],"inLanguage":"en-US"},{"@type":"Organization","@id":"https:\/\/www.camping-martinet.fr\/en\/#organization","name":"Camping le Martinet Rouge - Carcassonne","url":"https:\/\/www.camping-martinet.fr\/en\/","logo":{"@type":"ImageObject","inLanguage":"en-US","@id":"https:\/\/www.camping-martinet.fr\/en\/#\/schema\/logo\/image\/","url":"https:\/\/www.camping-martinet.fr\/wp-content\/uploads\/2023\/05\/logo-martinet-rouge.webp","contentUrl":"https:\/\/www.camping-martinet.fr\/wp-content\/uploads\/2023\/05\/logo-martinet-rouge.webp","width":308,"height":133,"caption":"Camping le Martinet Rouge - Carcassonne"},"image":{"@id":"https:\/\/www.camping-martinet.fr\/en\/#\/schema\/logo\/image\/"},"sameAs":["https:\/\/www.facebook.com\/camping.le.martinet.rouge\/"]}]}},"_links":{"self":[{"href":"https:\/\/www.camping-martinet.fr\/en\/wp-json\/wp\/v2\/pages\/5853","targetHints":{"allow":["GET"]}}],"collection":[{"href":"https:\/\/www.camping-martinet.fr\/en\/wp-json\/wp\/v2\/pages"}],"about":[{"href":"https:\/\/www.camping-martinet.fr\/en\/wp-json\/wp\/v2\/types\/page"}],"author":[{"embeddable":true,"href":"https:\/\/www.camping-martinet.fr\/en\/wp-json\/wp\/v2\/users\/2"}],"replies":[{"embeddable":true,"href":"https:\/\/www.camping-martinet.fr\/en\/wp-json\/wp\/v2\/comments?post=5853"}],"version-history":[{"count":0,"href":"https:\/\/www.camping-martinet.fr\/en\/wp-json\/wp\/v2\/pages\/5853\/revisions"}],"wp:attachment":[{"href":"https:\/\/www.camping-martinet.fr\/en\/wp-json\/wp\/v2\/media?parent=5853"}],"curies":[{"name":"wp","href":"https:\/\/api.w.org\/{rel}","templated":true}]}}