{"id":5861,"date":"2023-02-13T15:41:14","date_gmt":"2023-02-13T14:41:14","guid":{"rendered":"https:\/\/www.camping-martinet.fr\/contact-us\/"},"modified":"2026-02-20T19:03:11","modified_gmt":"2026-02-20T18:03:11","slug":"contact-us","status":"publish","type":"page","link":"https:\/\/www.camping-martinet.fr\/en\/contact-us\/","title":{"rendered":"Contact us"},"content":{"rendered":"\n<!-- FACULTATIF :important : pour afficher le widgets CRM. A ajouter si probl\u00e8me de compatibilit\u00e9 IE11 sur Windows 10 (va forcer le mode de document par d\u00e9faut du debugger IE) -->\n\t\t<meta http-equiv=\"X-UA-Compatible\" content=\"\"\/>\n\t\t<!-- FACULTATIF : A ajouter si la page n'est pas responsive sur mobile -->\n\t\t<meta name=\" \" content=\"width=device-width, initial-scale=1.0, shrink-to-fit=no\"\/>\n\t\t<!-- FACULTATIF : ajoute des effets jQuery de redimensionnement si pr\u00e9sent dans la page -->\n\t\t<script type=\"text\/javascript\" src=\"http:\/\/code.jquery.com\/jquery-2.2.4.min.js\"><\/script>\n\t\t<!-- OBLIGATOIRE : Librairie WidgetProvider \u00e0 placer entre <head> et <\/head> -->\n\t\t<script type=\"text\/javascript\" src=\"https:\/\/crm.secureholiday.net\/CRM\/Prospect\/GetWidgetProviderFile\"><\/script>\n\n\n\n<h1 class=\"wp-block-heading\">Contact us, find your campsite in Aude<\/h1>\n\n\n\n<p>Contact us using the form, and we&#8217;ll answer all your questions to make your <a href=\"\/\">camping vacation<\/a> unforgettable! Our campsite is centrally located in the Aude region, allowing you to visit many of the sights around <a href=\"\/en\/?p=6040\">Carcassonne<\/a>.<\/p>\n\n\n\n<iframe loading=\"lazy\" src=\"https:\/\/www.google.com\/maps\/embed?pb=!1m14!1m8!1m3!1d742859.9437923926!2d2.2520159999999994!3d43.33944399999963!3m2!1i1024!2i768!4f13.1!3m3!1m2!1s0x12ae3a4df7a7f997%3A0x909af2ab9eab0fdd!2sCamping+Martinet+Rouge!5e0!3m2!1sen!2s!4v1402044381255\" width=\"2000\" height=\"550\" frameborder=\"0\"><\/iframe>\n\n\n\n<p><strong>To calculate your itinerary to come directly to the campsite, click on &#8220;Itineraries&#8221; at the top left of the map.<\/strong><\/p>\n\n\n\n<div class=\"wp-block-columns is-layout-flex wp-container-core-columns-is-layout-28f84493 wp-block-columns-is-layout-flex\">\n<div class=\"wp-block-column is-layout-flow wp-block-column-is-layout-flow\">\n<script>var customOptions = {\n\t\t\t\t\tIdentity:{\n\t\t\t\t\tCompanyId: '253',\n\t\t\t\t\t\tEstablishmentIds: '5209',\n\t\t\t\t\t\tLanguage: 'FR',\n\t\t\t\t\t\tPolice: 'Helvetica',\n\t\t\t\t\t\tShowHeader: 'true',\n\t\t\t\t\t\tHeaderColor: 'a10a13',\n\t\t\t\t\t\tTextColor: 'FFFFFF',\n\t\t\t\t\t\tBackgroundColor: '877374',\n\t\t\t\t\t\tPoliceColor: '671f9a',\n\t\t\t\t\t\tButtonColor: 'a10a13',\n\t\t\t\t\t\tHoverColor: 'f6f6f6'\n\t\t\t\t\t}\n\t\t\t\t};\n\t\t\t\t!function(){var e=new window.CTV.Widget(\"CRM\", \"Informations\", customOptions);\n\t\t\t\tdocument.write(e.Write()),window.CTV.WidgetsCollection.push(e), e.Send()}();\n\t\t\t<\/script>\n<\/div>\n\n\n\n<div class=\"wp-block-column is-layout-flow wp-block-column-is-layout-flow\">\n<h2 class=\"wp-block-heading\">How to get to the campsite by car<\/h2>\n\n\n\n<p>If you are coming from Toulouse on the A61, take exit 22 for Bram, follow Alzonne (not Montolieu) then Pezens.<br>Arriving in Pezens, before the bridge, take the first left following the campsite signs.<br>If you are coming from the Narbonne A61 motorway, take exit 23 at Carcassonne Ouest ZI in the direction of Mazamet,<br>before Cuxac Cabardes, turn left and follow the signs for the campsite.<\/p>\n\n\n\n<p><strong>By train<br><\/strong>To Carcassonne, then cab, 20 minutes.<br><strong>By plane<\/strong><br>Carcassonne from England, Spain and Belgium and from (all international departures) Toulouse,. 50-minute drive from the campsite.<\/p>\n\n\n\n<h2 class=\"wp-block-heading\">Campsite contact details<\/h2>\n\n\n\n<p><strong>Camping Le Martinet Rouge<\/strong><br>2, chemin du Lac des Rochers<br>11390 Brousses et Villaret<\/p>\n\n\n\n<p>France<\/p>\n\n\n\n<p>Tel: +33 (0)4 68 26 51 98<br>Mobile: +33 (0)6 19 34 41 60<\/p>\n<\/div>\n<\/div>\n\n\n\n<p>Book now your pitch or rental in the Aude at camping Le martinet Rouge<\/p>\n","protected":false},"excerpt":{"rendered":"<p>Contact us, find your campsite in Aude Contact us using the form, and we&#8217;ll answer all your questions to make your camping vacation unforgettable! Our campsite is centrally located in the Aude region, allowing you to visit many of the sights around Carcassonne. To calculate your itinerary to come directly to the campsite, click on [&hellip;]<\/p>\n","protected":false},"author":2,"featured_media":0,"parent":0,"menu_order":0,"comment_status":"closed","ping_status":"closed","template":"","meta":{"footnotes":""},"class_list":["post-5861","page","type-page","status-publish","hentry"],"yoast_head":"<!-- This site is optimized with the Yoast SEO plugin v27.4 - https:\/\/yoast.com\/product\/yoast-seo-wordpress\/ -->\n<title>Book vacation accommodation in Carcassonne<\/title>\n<meta name=\"description\" content=\"Book here your accommodation in a 3-star campsite near Carcassonne in Cathar country. Fast online booking.\" \/>\n<meta name=\"robots\" content=\"index, follow, max-snippet:-1, max-image-preview:large, max-video-preview:-1\" \/>\n<link rel=\"canonical\" href=\"https:\/\/www.camping-martinet.fr\/en\/contact-us\/\" \/>\n<meta property=\"og:locale\" content=\"en_US\" \/>\n<meta property=\"og:type\" content=\"article\" \/>\n<meta property=\"og:title\" content=\"Book vacation accommodation in Carcassonne\" \/>\n<meta property=\"og:description\" content=\"Book here your accommodation in a 3-star campsite near Carcassonne in Cathar country. Fast online booking.\" \/>\n<meta property=\"og:url\" content=\"https:\/\/www.camping-martinet.fr\/en\/contact-us\/\" \/>\n<meta property=\"og:site_name\" content=\"Camping le Martinet Rouge\" \/>\n<meta property=\"article:publisher\" content=\"https:\/\/www.facebook.com\/camping.le.martinet.rouge\/\" \/>\n<meta property=\"article:modified_time\" content=\"2026-02-20T18:03:11+00:00\" \/>\n<meta property=\"og:image\" content=\"https:\/\/www.camping-martinet.fr\/wp-content\/uploads\/2023\/02\/camping-aude-piscine-11-1.jpg\" \/>\n\t<meta property=\"og:image:width\" content=\"1400\" \/>\n\t<meta property=\"og:image:height\" content=\"933\" \/>\n\t<meta property=\"og:image:type\" content=\"image\/jpeg\" \/>\n<meta name=\"twitter:card\" content=\"summary_large_image\" \/>\n<meta name=\"twitter:label1\" content=\"Est. reading time\" \/>\n\t<meta name=\"twitter:data1\" content=\"2 minutes\" \/>\n<script type=\"application\/ld+json\" class=\"yoast-schema-graph\">{\"@context\":\"https:\\\/\\\/schema.org\",\"@graph\":[{\"@type\":\"WebPage\",\"@id\":\"https:\\\/\\\/www.camping-martinet.fr\\\/en\\\/contact-us\\\/\",\"url\":\"https:\\\/\\\/www.camping-martinet.fr\\\/en\\\/contact-us\\\/\",\"name\":\"Book vacation accommodation in Carcassonne\",\"isPartOf\":{\"@id\":\"https:\\\/\\\/www.camping-martinet.fr\\\/en\\\/#website\"},\"datePublished\":\"2023-02-13T14:41:14+00:00\",\"dateModified\":\"2026-02-20T18:03:11+00:00\",\"description\":\"Book here your accommodation in a 3-star campsite near Carcassonne in Cathar country. Fast online booking.\",\"breadcrumb\":{\"@id\":\"https:\\\/\\\/www.camping-martinet.fr\\\/en\\\/contact-us\\\/#breadcrumb\"},\"inLanguage\":\"en-US\",\"potentialAction\":[{\"@type\":\"ReadAction\",\"target\":[\"https:\\\/\\\/www.camping-martinet.fr\\\/en\\\/contact-us\\\/\"]}]},{\"@type\":\"BreadcrumbList\",\"@id\":\"https:\\\/\\\/www.camping-martinet.fr\\\/en\\\/contact-us\\\/#breadcrumb\",\"itemListElement\":[{\"@type\":\"ListItem\",\"position\":1,\"name\":\"Home\",\"item\":\"https:\\\/\\\/www.camping-martinet.fr\\\/en\\\/\"},{\"@type\":\"ListItem\",\"position\":2,\"name\":\"Contact us\"}]},{\"@type\":\"WebSite\",\"@id\":\"https:\\\/\\\/www.camping-martinet.fr\\\/en\\\/#website\",\"url\":\"https:\\\/\\\/www.camping-martinet.fr\\\/en\\\/\",\"name\":\"Camping le Martinet Rouge\",\"description\":\"Camping Carcassonne\",\"publisher\":{\"@id\":\"https:\\\/\\\/www.camping-martinet.fr\\\/en\\\/#organization\"},\"alternateName\":\"Martinet Rouge\",\"potentialAction\":[{\"@type\":\"SearchAction\",\"target\":{\"@type\":\"EntryPoint\",\"urlTemplate\":\"https:\\\/\\\/www.camping-martinet.fr\\\/en\\\/?s={search_term_string}\"},\"query-input\":{\"@type\":\"PropertyValueSpecification\",\"valueRequired\":true,\"valueName\":\"search_term_string\"}}],\"inLanguage\":\"en-US\"},{\"@type\":\"Organization\",\"@id\":\"https:\\\/\\\/www.camping-martinet.fr\\\/en\\\/#organization\",\"name\":\"Camping le Martinet Rouge - Carcassonne\",\"url\":\"https:\\\/\\\/www.camping-martinet.fr\\\/en\\\/\",\"logo\":{\"@type\":\"ImageObject\",\"inLanguage\":\"en-US\",\"@id\":\"https:\\\/\\\/www.camping-martinet.fr\\\/en\\\/#\\\/schema\\\/logo\\\/image\\\/\",\"url\":\"https:\\\/\\\/www.camping-martinet.fr\\\/wp-content\\\/uploads\\\/2023\\\/05\\\/logo-martinet-rouge.webp\",\"contentUrl\":\"https:\\\/\\\/www.camping-martinet.fr\\\/wp-content\\\/uploads\\\/2023\\\/05\\\/logo-martinet-rouge.webp\",\"width\":308,\"height\":133,\"caption\":\"Camping le Martinet Rouge - Carcassonne\"},\"image\":{\"@id\":\"https:\\\/\\\/www.camping-martinet.fr\\\/en\\\/#\\\/schema\\\/logo\\\/image\\\/\"},\"sameAs\":[\"https:\\\/\\\/www.facebook.com\\\/camping.le.martinet.rouge\\\/\"]}]}<\/script>\n<!-- \/ Yoast SEO plugin. -->","yoast_head_json":{"title":"Book vacation accommodation in Carcassonne","description":"Book here your accommodation in a 3-star campsite near Carcassonne in Cathar country. Fast online booking.","robots":{"index":"index","follow":"follow","max-snippet":"max-snippet:-1","max-image-preview":"max-image-preview:large","max-video-preview":"max-video-preview:-1"},"canonical":"https:\/\/www.camping-martinet.fr\/en\/contact-us\/","og_locale":"en_US","og_type":"article","og_title":"Book vacation accommodation in Carcassonne","og_description":"Book here your accommodation in a 3-star campsite near Carcassonne in Cathar country. Fast online booking.","og_url":"https:\/\/www.camping-martinet.fr\/en\/contact-us\/","og_site_name":"Camping le Martinet Rouge","article_publisher":"https:\/\/www.facebook.com\/camping.le.martinet.rouge\/","article_modified_time":"2026-02-20T18:03:11+00:00","og_image":[{"width":1400,"height":933,"url":"https:\/\/www.camping-martinet.fr\/wp-content\/uploads\/2023\/02\/camping-aude-piscine-11-1.jpg","type":"image\/jpeg"}],"twitter_card":"summary_large_image","twitter_misc":{"Est. reading time":"2 minutes"},"schema":{"@context":"https:\/\/schema.org","@graph":[{"@type":"WebPage","@id":"https:\/\/www.camping-martinet.fr\/en\/contact-us\/","url":"https:\/\/www.camping-martinet.fr\/en\/contact-us\/","name":"Book vacation accommodation in Carcassonne","isPartOf":{"@id":"https:\/\/www.camping-martinet.fr\/en\/#website"},"datePublished":"2023-02-13T14:41:14+00:00","dateModified":"2026-02-20T18:03:11+00:00","description":"Book here your accommodation in a 3-star campsite near Carcassonne in Cathar country. Fast online booking.","breadcrumb":{"@id":"https:\/\/www.camping-martinet.fr\/en\/contact-us\/#breadcrumb"},"inLanguage":"en-US","potentialAction":[{"@type":"ReadAction","target":["https:\/\/www.camping-martinet.fr\/en\/contact-us\/"]}]},{"@type":"BreadcrumbList","@id":"https:\/\/www.camping-martinet.fr\/en\/contact-us\/#breadcrumb","itemListElement":[{"@type":"ListItem","position":1,"name":"Home","item":"https:\/\/www.camping-martinet.fr\/en\/"},{"@type":"ListItem","position":2,"name":"Contact us"}]},{"@type":"WebSite","@id":"https:\/\/www.camping-martinet.fr\/en\/#website","url":"https:\/\/www.camping-martinet.fr\/en\/","name":"Camping le Martinet Rouge","description":"Camping Carcassonne","publisher":{"@id":"https:\/\/www.camping-martinet.fr\/en\/#organization"},"alternateName":"Martinet Rouge","potentialAction":[{"@type":"SearchAction","target":{"@type":"EntryPoint","urlTemplate":"https:\/\/www.camping-martinet.fr\/en\/?s={search_term_string}"},"query-input":{"@type":"PropertyValueSpecification","valueRequired":true,"valueName":"search_term_string"}}],"inLanguage":"en-US"},{"@type":"Organization","@id":"https:\/\/www.camping-martinet.fr\/en\/#organization","name":"Camping le Martinet Rouge - Carcassonne","url":"https:\/\/www.camping-martinet.fr\/en\/","logo":{"@type":"ImageObject","inLanguage":"en-US","@id":"https:\/\/www.camping-martinet.fr\/en\/#\/schema\/logo\/image\/","url":"https:\/\/www.camping-martinet.fr\/wp-content\/uploads\/2023\/05\/logo-martinet-rouge.webp","contentUrl":"https:\/\/www.camping-martinet.fr\/wp-content\/uploads\/2023\/05\/logo-martinet-rouge.webp","width":308,"height":133,"caption":"Camping le Martinet Rouge - Carcassonne"},"image":{"@id":"https:\/\/www.camping-martinet.fr\/en\/#\/schema\/logo\/image\/"},"sameAs":["https:\/\/www.facebook.com\/camping.le.martinet.rouge\/"]}]}},"_links":{"self":[{"href":"https:\/\/www.camping-martinet.fr\/en\/wp-json\/wp\/v2\/pages\/5861","targetHints":{"allow":["GET"]}}],"collection":[{"href":"https:\/\/www.camping-martinet.fr\/en\/wp-json\/wp\/v2\/pages"}],"about":[{"href":"https:\/\/www.camping-martinet.fr\/en\/wp-json\/wp\/v2\/types\/page"}],"author":[{"embeddable":true,"href":"https:\/\/www.camping-martinet.fr\/en\/wp-json\/wp\/v2\/users\/2"}],"replies":[{"embeddable":true,"href":"https:\/\/www.camping-martinet.fr\/en\/wp-json\/wp\/v2\/comments?post=5861"}],"version-history":[{"count":1,"href":"https:\/\/www.camping-martinet.fr\/en\/wp-json\/wp\/v2\/pages\/5861\/revisions"}],"predecessor-version":[{"id":7148,"href":"https:\/\/www.camping-martinet.fr\/en\/wp-json\/wp\/v2\/pages\/5861\/revisions\/7148"}],"wp:attachment":[{"href":"https:\/\/www.camping-martinet.fr\/en\/wp-json\/wp\/v2\/media?parent=5861"}],"curies":[{"name":"wp","href":"https:\/\/api.w.org\/{rel}","templated":true}]}}