{"id":6628,"date":"2025-05-28T10:12:05","date_gmt":"2025-05-28T08:12:05","guid":{"rendered":"https:\/\/www.camping-martinet.fr\/camping-le-martinet-rouge-les-petits-plus\/"},"modified":"2025-05-28T13:00:42","modified_gmt":"2025-05-28T11:00:42","slug":"the-little-extras","status":"publish","type":"page","link":"https:\/\/www.camping-martinet.fr\/en\/the-little-extras\/","title":{"rendered":"The little extras"},"content":{"rendered":"\n<h2 class=\"wp-block-heading\">Additional campsite services<\/h2>\n\n\n\n<p>To make life easier for you, a range of equipment is available on request:<\/p>\n\n\n\n<p>\ud83d\udecf\ufe0f <strong>Sheet hire<\/strong>: Travel light! We offer bed linen hire for your accommodation (by prior arrangement or on site, subject to availability).<\/p>\n\n\n\n<p>\ud83e\uddfc <strong>Towel pack hire<\/strong>: A pack includes <strong>1 large towel + 1 small towel + 1 bath mat<\/strong>, ideal for lightening your luggage.<br>\ud83d\udc76 <strong>Baby equipment<\/strong>: Umbrella bed and high chair can be hired to welcome little ones in the best conditions.<br>\ud83d\udc81\u200d\u2640\ufe0f <strong>Hair dryer<\/strong>: In case you forget or for greater comfort, a hair dryer is available at reception.<br>\ud83e\uddfa <strong>Iron and ironing board<\/strong>: Available free of charge at reception for small touch-ups or special occasions!<\/p>\n\n\n\n<p>Don&#8217;t hesitate to ask us when you arrive or during your stay: we&#8217;re here to help you make the most of your holiday.<\/p>\n\n\n\n<h2 class=\"wp-block-heading\">The WIFI<\/h2>\n\n\n\n<p>We offer free WiFi access in communal areas:<br>\ud83d\udccd At reception,<br>\u2615 At the bar,<br>\ud83c\udf1e On the terrace,<br>\ud83c\udfd6\ufe0f And even around the pool!<br><br>However, WiFi is not available throughout the campsite. We are keen to preserve the natural beauty of the site, without intrusive technical installations, and to encourage conviviality and real sharing, away from screens.<br><br>After all, holidays are perhaps the best time to switch off for a while&#8230; and reconnect with what&#8217;s essential: nature, meeting people, family, rest.<br><br>So make the most of your stay to look up, take your time, and create memories in a different way. \ud83d\udc9a<\/p>\n\n\n\n<p>En revanche, le WiFi n\u2019est <strong>pas disponible sur l\u2019ensemble du camping<\/strong>. Nous avons \u00e0 c\u0153ur de <strong>pr\u00e9server la beaut\u00e9 naturelle<\/strong> du site, sans installations techniques envahissantes, et de <strong>favoriser la convivialit\u00e9<\/strong> et le <strong>partage r\u00e9el<\/strong>, loin des \u00e9crans.<\/p>\n\n\n\n<p>Apr\u00e8s tout, les vacances sont peut-\u00eatre <strong>le meilleur moment pour se d\u00e9connecter un peu<\/strong>\u2026 et se reconnecter \u00e0 l\u2019essentiel : la nature, les rencontres, la famille, le repos.<\/p>\n\n\n\n<p>Alors profitez de votre s\u00e9jour pour <strong>lever les yeux<\/strong>, <strong>prendre le temps<\/strong>, et cr\u00e9er des souvenirs autrement. \ud83d\udc9a<\/p>\n\n\n\n<h2 class=\"wp-block-heading\">The reception of people with reduced mobility<\/h2>\n\n\n\n<p>At <strong>Flower Camping Le Martinet Rouge<\/strong>, we are committed to welcoming everyone in the best possible conditions.<\/p>\n\n\n\n<p id=\"block-c639c835-7782-4eee-a333-e34301cec2fc\">To make it easier for people with reduced mobility to stay with us, we have the following facilities:<br>\ud83d\ude97 <strong>A reserved PRM car park<\/strong> close to reception and services.<br>\ud83c\udfd5\ufe0f <strong>A spacious, accessible pitch<\/strong>, laid out to make it easier to set up on a level pitch.<br>\ud83d\udebb <strong>Dedicated PRM sanitary facilities<\/strong>, with shower, washbasin and WC adapted to ensure comfort and independence.<br>\u2600\ufe0f <strong>A terrace and pool deck accessible<\/strong> to wheelchairs.<\/p>\n\n\n\n<p id=\"block-46bfff3c-f9cb-4732-88fb-68d62c4521af\">\u26a0\ufe0f <strong>Please note<\/strong>: unfortunately, swimming is not accessible to people with reduced mobility as the pool is not equipped with a lift. In addition, <strong>we do not have any accommodation specifically adapted for PRMs<\/strong>.<\/p>\n\n\n\n<p id=\"block-54a2338d-4136-4105-baed-90ff6bdd8887\">However, we remain at your disposal to help you prepare for your stay. Please do not hesitate to contact us for any further information.<\/p>\n\n\n\n<p>\ufeff<\/p>\n","protected":false},"excerpt":{"rendered":"<p>Additional campsite services To make life easier for you, a range of equipment is available on request: \ud83d\udecf\ufe0f Sheet hire: Travel light! We offer bed linen hire for your accommodation (by prior arrangement or on site, subject to availability). \ud83e\uddfc Towel pack hire: A pack includes 1 large towel + 1 small towel + 1 [&hellip;]<\/p>\n","protected":false},"author":6,"featured_media":0,"parent":0,"menu_order":0,"comment_status":"closed","ping_status":"closed","template":"","meta":{"footnotes":""},"class_list":["post-6628","page","type-page","status-publish","hentry"],"yoast_head":"<!-- This site is optimized with the Yoast SEO plugin v27.5 - https:\/\/yoast.com\/product\/yoast-seo-wordpress\/ -->\n<title>The little extras - Camping le Martinet Rouge<\/title>\n<meta name=\"robots\" content=\"index, follow, max-snippet:-1, max-image-preview:large, max-video-preview:-1\" \/>\n<link rel=\"canonical\" href=\"https:\/\/www.camping-martinet.fr\/en\/the-little-extras\/\" \/>\n<meta property=\"og:locale\" content=\"en_US\" \/>\n<meta property=\"og:type\" content=\"article\" \/>\n<meta property=\"og:title\" content=\"The little extras - Camping le Martinet Rouge\" \/>\n<meta property=\"og:description\" content=\"Additional campsite services To make life easier for you, a range of equipment is available on request: \ud83d\udecf\ufe0f Sheet hire: Travel light! We offer bed linen hire for your accommodation (by prior arrangement or on site, subject to availability). \ud83e\uddfc Towel pack hire: A pack includes 1 large towel + 1 small towel + 1 [&hellip;]\" \/>\n<meta property=\"og:url\" content=\"https:\/\/www.camping-martinet.fr\/en\/the-little-extras\/\" \/>\n<meta property=\"og:site_name\" content=\"Camping le Martinet Rouge\" \/>\n<meta property=\"article:publisher\" content=\"https:\/\/www.facebook.com\/camping.le.martinet.rouge\/\" \/>\n<meta property=\"article:modified_time\" content=\"2025-05-28T11:00:42+00:00\" \/>\n<meta property=\"og:image\" content=\"https:\/\/www.camping-martinet.fr\/wp-content\/uploads\/2023\/02\/camping-aude-piscine-11-1.jpg\" \/>\n\t<meta property=\"og:image:width\" content=\"1400\" \/>\n\t<meta property=\"og:image:height\" content=\"933\" \/>\n\t<meta property=\"og:image:type\" content=\"image\/jpeg\" \/>\n<meta name=\"twitter:card\" content=\"summary_large_image\" \/>\n<meta name=\"twitter:label1\" content=\"Est. reading time\" \/>\n\t<meta name=\"twitter:data1\" content=\"3 minutes\" \/>\n<script type=\"application\/ld+json\" class=\"yoast-schema-graph\">{\"@context\":\"https:\\\/\\\/schema.org\",\"@graph\":[{\"@type\":\"WebPage\",\"@id\":\"https:\\\/\\\/www.camping-martinet.fr\\\/en\\\/the-little-extras\\\/\",\"url\":\"https:\\\/\\\/www.camping-martinet.fr\\\/en\\\/the-little-extras\\\/\",\"name\":\"The little extras - Camping le Martinet Rouge\",\"isPartOf\":{\"@id\":\"https:\\\/\\\/www.camping-martinet.fr\\\/en\\\/#website\"},\"datePublished\":\"2025-05-28T08:12:05+00:00\",\"dateModified\":\"2025-05-28T11:00:42+00:00\",\"breadcrumb\":{\"@id\":\"https:\\\/\\\/www.camping-martinet.fr\\\/en\\\/the-little-extras\\\/#breadcrumb\"},\"inLanguage\":\"en-US\",\"potentialAction\":[{\"@type\":\"ReadAction\",\"target\":[\"https:\\\/\\\/www.camping-martinet.fr\\\/en\\\/the-little-extras\\\/\"]}]},{\"@type\":\"BreadcrumbList\",\"@id\":\"https:\\\/\\\/www.camping-martinet.fr\\\/en\\\/the-little-extras\\\/#breadcrumb\",\"itemListElement\":[{\"@type\":\"ListItem\",\"position\":1,\"name\":\"Home\",\"item\":\"https:\\\/\\\/www.camping-martinet.fr\\\/en\\\/\"},{\"@type\":\"ListItem\",\"position\":2,\"name\":\"The little extras\"}]},{\"@type\":\"WebSite\",\"@id\":\"https:\\\/\\\/www.camping-martinet.fr\\\/en\\\/#website\",\"url\":\"https:\\\/\\\/www.camping-martinet.fr\\\/en\\\/\",\"name\":\"Camping le Martinet Rouge\",\"description\":\"Camping Carcassonne\",\"publisher\":{\"@id\":\"https:\\\/\\\/www.camping-martinet.fr\\\/en\\\/#organization\"},\"alternateName\":\"Martinet Rouge\",\"potentialAction\":[{\"@type\":\"SearchAction\",\"target\":{\"@type\":\"EntryPoint\",\"urlTemplate\":\"https:\\\/\\\/www.camping-martinet.fr\\\/en\\\/?s={search_term_string}\"},\"query-input\":{\"@type\":\"PropertyValueSpecification\",\"valueRequired\":true,\"valueName\":\"search_term_string\"}}],\"inLanguage\":\"en-US\"},{\"@type\":\"Organization\",\"@id\":\"https:\\\/\\\/www.camping-martinet.fr\\\/en\\\/#organization\",\"name\":\"Camping le Martinet Rouge - Carcassonne\",\"url\":\"https:\\\/\\\/www.camping-martinet.fr\\\/en\\\/\",\"logo\":{\"@type\":\"ImageObject\",\"inLanguage\":\"en-US\",\"@id\":\"https:\\\/\\\/www.camping-martinet.fr\\\/en\\\/#\\\/schema\\\/logo\\\/image\\\/\",\"url\":\"https:\\\/\\\/www.camping-martinet.fr\\\/wp-content\\\/uploads\\\/2023\\\/05\\\/logo-martinet-rouge.webp\",\"contentUrl\":\"https:\\\/\\\/www.camping-martinet.fr\\\/wp-content\\\/uploads\\\/2023\\\/05\\\/logo-martinet-rouge.webp\",\"width\":308,\"height\":133,\"caption\":\"Camping le Martinet Rouge - Carcassonne\"},\"image\":{\"@id\":\"https:\\\/\\\/www.camping-martinet.fr\\\/en\\\/#\\\/schema\\\/logo\\\/image\\\/\"},\"sameAs\":[\"https:\\\/\\\/www.facebook.com\\\/camping.le.martinet.rouge\\\/\"]}]}<\/script>\n<!-- \/ Yoast SEO plugin. -->","yoast_head_json":{"title":"The little extras - Camping le Martinet Rouge","robots":{"index":"index","follow":"follow","max-snippet":"max-snippet:-1","max-image-preview":"max-image-preview:large","max-video-preview":"max-video-preview:-1"},"canonical":"https:\/\/www.camping-martinet.fr\/en\/the-little-extras\/","og_locale":"en_US","og_type":"article","og_title":"The little extras - Camping le Martinet Rouge","og_description":"Additional campsite services To make life easier for you, a range of equipment is available on request: \ud83d\udecf\ufe0f Sheet hire: Travel light! We offer bed linen hire for your accommodation (by prior arrangement or on site, subject to availability). \ud83e\uddfc Towel pack hire: A pack includes 1 large towel + 1 small towel + 1 [&hellip;]","og_url":"https:\/\/www.camping-martinet.fr\/en\/the-little-extras\/","og_site_name":"Camping le Martinet Rouge","article_publisher":"https:\/\/www.facebook.com\/camping.le.martinet.rouge\/","article_modified_time":"2025-05-28T11:00:42+00:00","og_image":[{"width":1400,"height":933,"url":"https:\/\/www.camping-martinet.fr\/wp-content\/uploads\/2023\/02\/camping-aude-piscine-11-1.jpg","type":"image\/jpeg"}],"twitter_card":"summary_large_image","twitter_misc":{"Est. reading time":"3 minutes"},"schema":{"@context":"https:\/\/schema.org","@graph":[{"@type":"WebPage","@id":"https:\/\/www.camping-martinet.fr\/en\/the-little-extras\/","url":"https:\/\/www.camping-martinet.fr\/en\/the-little-extras\/","name":"The little extras - Camping le Martinet Rouge","isPartOf":{"@id":"https:\/\/www.camping-martinet.fr\/en\/#website"},"datePublished":"2025-05-28T08:12:05+00:00","dateModified":"2025-05-28T11:00:42+00:00","breadcrumb":{"@id":"https:\/\/www.camping-martinet.fr\/en\/the-little-extras\/#breadcrumb"},"inLanguage":"en-US","potentialAction":[{"@type":"ReadAction","target":["https:\/\/www.camping-martinet.fr\/en\/the-little-extras\/"]}]},{"@type":"BreadcrumbList","@id":"https:\/\/www.camping-martinet.fr\/en\/the-little-extras\/#breadcrumb","itemListElement":[{"@type":"ListItem","position":1,"name":"Home","item":"https:\/\/www.camping-martinet.fr\/en\/"},{"@type":"ListItem","position":2,"name":"The little extras"}]},{"@type":"WebSite","@id":"https:\/\/www.camping-martinet.fr\/en\/#website","url":"https:\/\/www.camping-martinet.fr\/en\/","name":"Camping le Martinet Rouge","description":"Camping Carcassonne","publisher":{"@id":"https:\/\/www.camping-martinet.fr\/en\/#organization"},"alternateName":"Martinet Rouge","potentialAction":[{"@type":"SearchAction","target":{"@type":"EntryPoint","urlTemplate":"https:\/\/www.camping-martinet.fr\/en\/?s={search_term_string}"},"query-input":{"@type":"PropertyValueSpecification","valueRequired":true,"valueName":"search_term_string"}}],"inLanguage":"en-US"},{"@type":"Organization","@id":"https:\/\/www.camping-martinet.fr\/en\/#organization","name":"Camping le Martinet Rouge - Carcassonne","url":"https:\/\/www.camping-martinet.fr\/en\/","logo":{"@type":"ImageObject","inLanguage":"en-US","@id":"https:\/\/www.camping-martinet.fr\/en\/#\/schema\/logo\/image\/","url":"https:\/\/www.camping-martinet.fr\/wp-content\/uploads\/2023\/05\/logo-martinet-rouge.webp","contentUrl":"https:\/\/www.camping-martinet.fr\/wp-content\/uploads\/2023\/05\/logo-martinet-rouge.webp","width":308,"height":133,"caption":"Camping le Martinet Rouge - Carcassonne"},"image":{"@id":"https:\/\/www.camping-martinet.fr\/en\/#\/schema\/logo\/image\/"},"sameAs":["https:\/\/www.facebook.com\/camping.le.martinet.rouge\/"]}]}},"_links":{"self":[{"href":"https:\/\/www.camping-martinet.fr\/en\/wp-json\/wp\/v2\/pages\/6628","targetHints":{"allow":["GET"]}}],"collection":[{"href":"https:\/\/www.camping-martinet.fr\/en\/wp-json\/wp\/v2\/pages"}],"about":[{"href":"https:\/\/www.camping-martinet.fr\/en\/wp-json\/wp\/v2\/types\/page"}],"author":[{"embeddable":true,"href":"https:\/\/www.camping-martinet.fr\/en\/wp-json\/wp\/v2\/users\/6"}],"replies":[{"embeddable":true,"href":"https:\/\/www.camping-martinet.fr\/en\/wp-json\/wp\/v2\/comments?post=6628"}],"version-history":[{"count":0,"href":"https:\/\/www.camping-martinet.fr\/en\/wp-json\/wp\/v2\/pages\/6628\/revisions"}],"wp:attachment":[{"href":"https:\/\/www.camping-martinet.fr\/en\/wp-json\/wp\/v2\/media?parent=6628"}],"curies":[{"name":"wp","href":"https:\/\/api.w.org\/{rel}","templated":true}]}}